{"id":384,"date":"2026-01-23T14:51:58","date_gmt":"2026-01-23T14:51:58","guid":{"rendered":"https:\/\/www.atasehirkarot.com\/?page_id=384"},"modified":"2026-01-23T14:51:59","modified_gmt":"2026-01-23T14:51:59","slug":"tuzla-karotcu532-265-89-83","status":"publish","type":"page","link":"https:\/\/www.atasehirkarot.com\/?page_id=384","title":{"rendered":"Tuzla karotcu:532 265 89 83"},"content":{"rendered":"\n<p class=\"has-luminous-vivid-orange-color has-text-color has-link-color wp-elements-92f0318ae368931d22d3f55c78972dc6\"><strong>Tuzla <em>ve etraf\u0131nda beton delme,beton kesme,beton k\u0131rma,klima deli\u011fi a\u00e7ma gibi karota dair t\u00fcm i\u015fleriniz yap\u0131lmaktad\u0131r.<\/em><\/strong><\/p>\n","protected":false},"excerpt":{"rendered":"<p>Tuzla ve etraf\u0131nda beton delme,beton kesme,beton k\u0131rma,klima deli\u011fi a\u00e7ma gibi karota dair t\u00fcm i\u015fleriniz yap\u0131lmaktad\u0131r.<\/p>\n","protected":false},"author":1,"featured_media":0,"parent":0,"menu_order":0,"comment_status":"closed","ping_status":"closed","template":"","meta":{"footnotes":""},"class_list":["post-384","page","type-page","status-publish","hentry"],"_links":{"self":[{"href":"https:\/\/www.atasehirkarot.com\/index.php?rest_route=\/wp\/v2\/pages\/384","targetHints":{"allow":["GET"]}}],"collection":[{"href":"https:\/\/www.atasehirkarot.com\/index.php?rest_route=\/wp\/v2\/pages"}],"about":[{"href":"https:\/\/www.atasehirkarot.com\/index.php?rest_route=\/wp\/v2\/types\/page"}],"author":[{"embeddable":true,"href":"https:\/\/www.atasehirkarot.com\/index.php?rest_route=\/wp\/v2\/users\/1"}],"replies":[{"embeddable":true,"href":"https:\/\/www.atasehirkarot.com\/index.php?rest_route=%2Fwp%2Fv2%2Fcomments&post=384"}],"version-history":[{"count":1,"href":"https:\/\/www.atasehirkarot.com\/index.php?rest_route=\/wp\/v2\/pages\/384\/revisions"}],"predecessor-version":[{"id":385,"href":"https:\/\/www.atasehirkarot.com\/index.php?rest_route=\/wp\/v2\/pages\/384\/revisions\/385"}],"wp:attachment":[{"href":"https:\/\/www.atasehirkarot.com\/index.php?rest_route=%2Fwp%2Fv2%2Fmedia&parent=384"}],"curies":[{"name":"wp","href":"https:\/\/api.w.org\/{rel}","templated":true}]}}