{"id":253,"date":"2021-12-19T15:34:17","date_gmt":"2021-12-19T15:34:17","guid":{"rendered":"http:\/\/www.atasehirkarot.com\/?page_id=253"},"modified":"2021-12-19T15:34:17","modified_gmt":"2021-12-19T15:34:17","slug":"atasehir-ve-civarinda-beton-delme-beton-kirma-ve-beton-kesme-isleriniz-profosyonel-makinelerimiz-ve-tecrubeli-ekibimizle-yapilmaktadir","status":"publish","type":"page","link":"https:\/\/www.atasehirkarot.com\/?page_id=253","title":{"rendered":"ata\u015fehir ve civar\u0131nda beton delme, beton k\u0131rma ve beton kesme i\u015fleriniz profosyonel makinelerimiz ve tecr\u00fcbeli ekibimizle yap\u0131lmaktad\u0131r."},"content":{"rendered":"","protected":false},"excerpt":{"rendered":"","protected":false},"author":1,"featured_media":0,"parent":0,"menu_order":0,"comment_status":"closed","ping_status":"closed","template":"","meta":{"footnotes":""},"class_list":["post-253","page","type-page","status-publish","hentry"],"_links":{"self":[{"href":"https:\/\/www.atasehirkarot.com\/index.php?rest_route=\/wp\/v2\/pages\/253","targetHints":{"allow":["GET"]}}],"collection":[{"href":"https:\/\/www.atasehirkarot.com\/index.php?rest_route=\/wp\/v2\/pages"}],"about":[{"href":"https:\/\/www.atasehirkarot.com\/index.php?rest_route=\/wp\/v2\/types\/page"}],"author":[{"embeddable":true,"href":"https:\/\/www.atasehirkarot.com\/index.php?rest_route=\/wp\/v2\/users\/1"}],"replies":[{"embeddable":true,"href":"https:\/\/www.atasehirkarot.com\/index.php?rest_route=%2Fwp%2Fv2%2Fcomments&post=253"}],"version-history":[{"count":1,"href":"https:\/\/www.atasehirkarot.com\/index.php?rest_route=\/wp\/v2\/pages\/253\/revisions"}],"predecessor-version":[{"id":254,"href":"https:\/\/www.atasehirkarot.com\/index.php?rest_route=\/wp\/v2\/pages\/253\/revisions\/254"}],"wp:attachment":[{"href":"https:\/\/www.atasehirkarot.com\/index.php?rest_route=%2Fwp%2Fv2%2Fmedia&parent=253"}],"curies":[{"name":"wp","href":"https:\/\/api.w.org\/{rel}","templated":true}]}}