{"id":246,"date":"2021-12-19T15:29:02","date_gmt":"2021-12-19T15:29:02","guid":{"rendered":"http:\/\/www.atasehirkarot.com\/?page_id=246"},"modified":"2025-11-10T08:47:37","modified_gmt":"2025-11-10T08:47:37","slug":"pencere-yeri-acma","status":"publish","type":"page","link":"https:\/\/www.atasehirkarot.com\/?page_id=246","title":{"rendered":"Pencere yeri a\u00e7ma:532 265 89 83"},"content":{"rendered":"\n<p class=\"has-vivid-green-cyan-color has-text-color has-link-color wp-elements-959bb569c71f5deb34b660ecdf90c24c\">Perde beton ve tu\u011fla duvarlar\u0131n\u0131za pencere ve kap\u0131 yeri a\u00e7maktay\u0131z<\/p>\n","protected":false},"excerpt":{"rendered":"<p>Perde beton ve tu\u011fla duvarlar\u0131n\u0131za pencere ve kap\u0131 yeri a\u00e7maktay\u0131z<\/p>\n","protected":false},"author":1,"featured_media":0,"parent":0,"menu_order":0,"comment_status":"closed","ping_status":"closed","template":"","meta":{"footnotes":""},"class_list":["post-246","page","type-page","status-publish","hentry"],"_links":{"self":[{"href":"https:\/\/www.atasehirkarot.com\/index.php?rest_route=\/wp\/v2\/pages\/246","targetHints":{"allow":["GET"]}}],"collection":[{"href":"https:\/\/www.atasehirkarot.com\/index.php?rest_route=\/wp\/v2\/pages"}],"about":[{"href":"https:\/\/www.atasehirkarot.com\/index.php?rest_route=\/wp\/v2\/types\/page"}],"author":[{"embeddable":true,"href":"https:\/\/www.atasehirkarot.com\/index.php?rest_route=\/wp\/v2\/users\/1"}],"replies":[{"embeddable":true,"href":"https:\/\/www.atasehirkarot.com\/index.php?rest_route=%2Fwp%2Fv2%2Fcomments&post=246"}],"version-history":[{"count":2,"href":"https:\/\/www.atasehirkarot.com\/index.php?rest_route=\/wp\/v2\/pages\/246\/revisions"}],"predecessor-version":[{"id":311,"href":"https:\/\/www.atasehirkarot.com\/index.php?rest_route=\/wp\/v2\/pages\/246\/revisions\/311"}],"wp:attachment":[{"href":"https:\/\/www.atasehirkarot.com\/index.php?rest_route=%2Fwp%2Fv2%2Fmedia&parent=246"}],"curies":[{"name":"wp","href":"https:\/\/api.w.org\/{rel}","templated":true}]}}