{"id":242,"date":"2021-12-19T15:28:00","date_gmt":"2021-12-19T15:28:00","guid":{"rendered":"http:\/\/www.atasehirkarot.com\/?page_id=242"},"modified":"2025-11-09T08:47:44","modified_gmt":"2025-11-09T08:47:44","slug":"beton-delme","status":"publish","type":"page","link":"https:\/\/www.atasehirkarot.com\/?page_id=242","title":{"rendered":"Beton delme:532 265 89 83"},"content":{"rendered":"\n<p class=\"has-vivid-green-cyan-color has-text-color has-link-color wp-elements-238ca21d289fd92537df0c85a92e603a\"><strong>Beton delme,ata\u015fehir ve civar\u0131nda beton delme beton kesme ve beton k\u0131rma klima ve baca deli\u011fi a\u00e7ma aspirat\u00f6r ve davlumbaz deli\u011fi a\u00e7ma  gibi karot i\u015fleri yapmaktay\u0131z.<\/strong><\/p>\n","protected":false},"excerpt":{"rendered":"<p>Beton delme,ata\u015fehir ve civar\u0131nda beton delme beton kesme ve beton k\u0131rma klima ve baca deli\u011fi a\u00e7ma aspirat\u00f6r ve davlumbaz deli\u011fi a\u00e7ma gibi karot i\u015fleri yapmaktay\u0131z.<\/p>\n","protected":false},"author":1,"featured_media":0,"parent":0,"menu_order":0,"comment_status":"closed","ping_status":"closed","template":"","meta":{"footnotes":""},"class_list":["post-242","page","type-page","status-publish","hentry"],"_links":{"self":[{"href":"https:\/\/www.atasehirkarot.com\/index.php?rest_route=\/wp\/v2\/pages\/242","targetHints":{"allow":["GET"]}}],"collection":[{"href":"https:\/\/www.atasehirkarot.com\/index.php?rest_route=\/wp\/v2\/pages"}],"about":[{"href":"https:\/\/www.atasehirkarot.com\/index.php?rest_route=\/wp\/v2\/types\/page"}],"author":[{"embeddable":true,"href":"https:\/\/www.atasehirkarot.com\/index.php?rest_route=\/wp\/v2\/users\/1"}],"replies":[{"embeddable":true,"href":"https:\/\/www.atasehirkarot.com\/index.php?rest_route=%2Fwp%2Fv2%2Fcomments&post=242"}],"version-history":[{"count":2,"href":"https:\/\/www.atasehirkarot.com\/index.php?rest_route=\/wp\/v2\/pages\/242\/revisions"}],"predecessor-version":[{"id":287,"href":"https:\/\/www.atasehirkarot.com\/index.php?rest_route=\/wp\/v2\/pages\/242\/revisions\/287"}],"wp:attachment":[{"href":"https:\/\/www.atasehirkarot.com\/index.php?rest_route=%2Fwp%2Fv2%2Fmedia&parent=242"}],"curies":[{"name":"wp","href":"https:\/\/api.w.org\/{rel}","templated":true}]}}